{"id":199,"date":"2022-10-24T22:45:34","date_gmt":"2022-10-24T20:45:34","guid":{"rendered":"https:\/\/www.fabmediation.nl\/?page_id=199"},"modified":"2025-04-25T02:19:08","modified_gmt":"2025-04-25T00:19:08","slug":"mediation-2","status":"publish","type":"page","link":"https:\/\/www.fabmediation.nl\/?page_id=199","title":{"rendered":"Arbeidsmediation"},"content":{"rendered":"<p><div class=\"fusion-fullwidth fullwidth-box fusion-builder-row-1 fusion-flex-container has-pattern-background has-mask-background nonhundred-percent-fullwidth non-hundred-percent-height-scrolling\" style=\"--awb-border-radius-top-left:0px;--awb-border-radius-top-right:0px;--awb-border-radius-bottom-right:0px;--awb-border-radius-bottom-left:0px;--awb-flex-wrap:wrap;\" ><div class=\"fusion-builder-row fusion-row fusion-flex-align-items-flex-start fusion-flex-content-wrap\" style=\"max-width:1248px;margin-left: calc(-4% \/ 2 );margin-right: calc(-4% \/ 2 );\"><div class=\"fusion-layout-column fusion_builder_column fusion-builder-column-0 fusion_builder_column_1_1 1_1 fusion-flex-column\" style=\"--awb-bg-size:cover;--awb-width-large:100%;--awb-margin-top-large:0px;--awb-spacing-right-large:1.92%;--awb-margin-bottom-large:20px;--awb-spacing-left-large:1.92%;--awb-width-medium:100%;--awb-order-medium:0;--awb-spacing-right-medium:1.92%;--awb-spacing-left-medium:1.92%;--awb-width-small:100%;--awb-order-small:0;--awb-spacing-right-small:1.92%;--awb-spacing-left-small:1.92%;\"><div class=\"fusion-column-wrapper fusion-column-has-shadow fusion-flex-justify-content-flex-start fusion-content-layout-column\"><div class=\"fusion-title title fusion-title-1 fusion-sep-none fusion-title-text fusion-title-size-one\" style=\"--awb-text-color:var(--awb-custom_color_2);\"><h1 class=\"fusion-title-heading title-heading-left\" style=\"margin:0;\">Arbeidsmediation<\/h1><\/div><\/div><\/div><\/div><\/div><div class=\"fusion-fullwidth fullwidth-box fusion-builder-row-2 fusion-flex-container nonhundred-percent-fullwidth non-hundred-percent-height-scrolling\" style=\"--awb-border-radius-top-left:0px;--awb-border-radius-top-right:0px;--awb-border-radius-bottom-right:0px;--awb-border-radius-bottom-left:0px;--awb-flex-wrap:wrap;\" ><div class=\"fusion-builder-row fusion-row fusion-flex-align-items-flex-start fusion-flex-content-wrap\" style=\"max-width:1248px;margin-left: calc(-4% \/ 2 );margin-right: calc(-4% \/ 2 );\"><div class=\"fusion-layout-column fusion_builder_column fusion-builder-column-1 fusion_builder_column_3_5 3_5 fusion-flex-column\" style=\"--awb-bg-size:cover;--awb-width-large:60%;--awb-margin-top-large:0px;--awb-spacing-right-large:3.2%;--awb-margin-bottom-large:20px;--awb-spacing-left-large:3.2%;--awb-width-medium:60%;--awb-order-medium:0;--awb-spacing-right-medium:3.2%;--awb-spacing-left-medium:3.2%;--awb-width-small:100%;--awb-order-small:0;--awb-spacing-right-small:1.92%;--awb-spacing-left-small:1.92%;\"><div class=\"fusion-column-wrapper fusion-column-has-shadow fusion-flex-justify-content-flex-start fusion-content-layout-column\"><div class=\"fusion-text fusion-text-1\"><p data-fusion-font=\"true\" style=\"font-size: 18px;\">Werk is voor de meeste mensen een belangrijk onderdeel van hun leven, al is het alleen maar om de hoeveelheid tijd die er aan besteed wordt. Een conflict op het werk of een verstoorde arbeidsrelatie kan dan ook grote impact hebben. Wanneer een goed gesprek tussen de betrokkenen tot niets leidt, dan kan arbeidsmediation een geschikte manier zijn om het probleem aan te pakken.<\/p>\n<p><span style=\"background-color: rgba(0, 0, 0, 0); font-size: 18px;\" data-fusion-font=\"true\">Arbeidsmediation is dus een vorm van conflictoplossing waarbij samen met de werkgever, onder begeleiding van een onafhankelijke mediator, de arbeidskwestie gezamenlijk opgepakt wordt. Deze mediator is dus geen rechter die een beslissing oplegt, maar een onafhankelijke en neutrale gespreksleider.<\/span><\/p>\n<p><span data-fusion-font=\"true\" style=\"font-size: 18px;\"> <\/span><span style=\"background-color: rgba(0, 0, 0, 0); font-size: 18px;\" data-fusion-font=\"true\">Een arbeidsconflict is een situatie waarin twee personen, een persoon en een groep of twee groepen binnen het kader van een arbeidsorganisatie onenigheid hebben \u00e9n tenminste een van de betrokkenen het ook daadwerkelijk een arbeidsconflict noemt. Er kan dus sprake zijn van een arbeidsconflict, terwijl een van de partijen dat helemaal niet zo ervaart.<\/span><\/p>\n<p><span style=\"background-color: rgba(0, 0, 0, 0); font-size: 18px;\" data-fusion-font=\"true\">Voor een arbeidsconflict zijn tal van mogelijke oorzaken denkbaar. Feit is, dat werkrelaties (collega, leidinggevende, etc) een groot deel van ons dagelijkse leven invullen. Urenlang samen bijvoorbeeld op kantoor zitten of intensief samenwerken aan een project vraagt om een prettige onderlinge verstandhouding. Een goede band met collega\u2019s draagt bij aan het werkplezier, het gevoel van betrokkenheid en zelfvertrouwen. Goede onderlinge relaties op de werkvloer zijn daarom belangrijk voor de algehele sfeer, de productiviteit en het uiteindelijke resultaat.<\/span><\/p>\n<p><span style=\"background-color: rgba(0, 0, 0, 0); font-size: 18px;\" data-fusion-font=\"true\">Helaas zijn conflictsituaties niet uit te sluiten en kunnen veranderingen onderling of binnen een team of de organisatie tot een conflictsituatie leiden waar men binnen het bedrijf onderling niet uitkomt.<\/span><\/p>\n<\/div><\/div><\/div><div class=\"fusion-layout-column fusion_builder_column fusion-builder-column-2 fusion_builder_column_2_5 2_5 fusion-flex-column\" style=\"--awb-bg-size:cover;--awb-width-large:40%;--awb-margin-top-large:0px;--awb-spacing-right-large:0%;--awb-margin-bottom-large:0px;--awb-spacing-left-large:0%;--awb-width-medium:40%;--awb-order-medium:0;--awb-spacing-right-medium:0%;--awb-spacing-left-medium:0%;--awb-width-small:100%;--awb-order-small:0;--awb-spacing-right-small:1.92%;--awb-spacing-left-small:1.92%;\"><div class=\"fusion-column-wrapper fusion-column-has-shadow fusion-flex-justify-content-flex-start fusion-content-layout-column\"><div class=\"fusion-image-element \" style=\"--awb-caption-title-font-family:var(--h2_typography-font-family);--awb-caption-title-font-weight:var(--h2_typography-font-weight);--awb-caption-title-font-style:var(--h2_typography-font-style);--awb-caption-title-size:var(--h2_typography-font-size);--awb-caption-title-transform:var(--h2_typography-text-transform);--awb-caption-title-line-height:var(--h2_typography-line-height);--awb-caption-title-letter-spacing:var(--h2_typography-letter-spacing);\"><span class=\" fusion-imageframe imageframe-none imageframe-1 hover-type-none\"><img decoding=\"async\" width=\"800\" height=\"1204\" title=\"Arbeidsmediation\" src=\"https:\/\/www.fabmediation.nl\/wp-content\/uploads\/2025\/04\/Arbeidsmediation-800x1204.jpg\" alt class=\"img-responsive wp-image-1254\" srcset=\"https:\/\/www.fabmediation.nl\/wp-content\/uploads\/2025\/04\/Arbeidsmediation-200x301.jpg 200w, https:\/\/www.fabmediation.nl\/wp-content\/uploads\/2025\/04\/Arbeidsmediation-400x602.jpg 400w, https:\/\/www.fabmediation.nl\/wp-content\/uploads\/2025\/04\/Arbeidsmediation-600x903.jpg 600w, https:\/\/www.fabmediation.nl\/wp-content\/uploads\/2025\/04\/Arbeidsmediation-800x1204.jpg 800w, https:\/\/www.fabmediation.nl\/wp-content\/uploads\/2025\/04\/Arbeidsmediation-1200x1805.jpg 1200w, https:\/\/www.fabmediation.nl\/wp-content\/uploads\/2025\/04\/Arbeidsmediation-scaled.jpg 1702w\" sizes=\"(max-width: 800px) 100vw, 600px\" \/><\/span><\/div><div class=\"fusion-text fusion-text-2\"><p style=\"font-size: 17px;\" data-fusion-font=\"true\">Wij gaan in eerste instantie op zoek naar de sleutel die voor beide partijen de deur opent naar herstel van de goede samenwerking.<\/p>\n<\/div><\/div><\/div><div class=\"fusion-layout-column fusion_builder_column fusion-builder-column-3 fusion_builder_column_1_1 1_1 fusion-flex-column\" style=\"--awb-bg-size:cover;--awb-width-large:100%;--awb-margin-top-large:0px;--awb-spacing-right-large:0.096%;--awb-margin-bottom-large:0px;--awb-spacing-left-large:1.632%;--awb-width-medium:100%;--awb-order-medium:0;--awb-spacing-right-medium:0.096%;--awb-spacing-left-medium:1.632%;--awb-width-small:100%;--awb-order-small:0;--awb-spacing-right-small:1.92%;--awb-spacing-left-small:1.92%;\"><div class=\"fusion-column-wrapper fusion-column-has-shadow fusion-flex-justify-content-flex-start fusion-content-layout-column\"><div class=\"fusion-text fusion-text-3\"><p data-fusion-font=\"true\" style=\"font-size: 18px;\"><span style=\"background-color: rgba(0, 0, 0, 0);\">De gevolgen van een conflict zijn meestal onderling (binnen de organisatie met of zonder vertrouwenspersoon) goed op te lossen maar kunnen soms ook dermate onoverzichtelijk groot zijn. Voor de individuele betrokkenen is het vaak erg vervelend om dagelijks te moeten samenwerken met iemand met wie ze een probleem hebben. Een conflict kan daardoor leiden tot verminderde prestaties en ziekteverzuim.<\/span><\/p>\n<p><span style=\"background-color: rgba(0, 0, 0, 0); font-size: 18px;\" data-fusion-font=\"true\">Ook voor de rest van de organisatie heeft een conflict vervelende gevolgen. De sfeer op de werkvloer wordt er niet beter op. De organisatie als geheel heeft eveneens last van een ruzie. De tijd en energie die op een negatieve manier in het conflict gaat zitten, kunnen immers niet op een positieve manier ingezet worden voor de organisatie. Een conflict gaat uiteindelijk ten koste van de productiviteit, de werksfeer en de resultaten van de organisatie.<\/span><\/p>\n<p><span style=\"background-color: rgba(0, 0, 0, 0); font-size: 18px;\" data-fusion-font=\"true\">In de meeste gevallen is het doel van de arbeidsmediation om er samen uit te komen en de werkrelatie voort te zetten. Soms blijkt tijdens het proces echter dat dit niet meer mogelijk is. Het conflict tussen collega\u2019s is zodanig ge\u00ebscaleerd dat ze niet meer willen en kunnen samenwerken. In die gevallen zal er voor \u00e9\u00e9n of meerdere werknemers een nieuwe functie gezocht worden, binnen of buiten de organisatie. De mediator kan ook deze exit-gesprekken begeleiden.<\/span><\/p>\n<p style=\"text-align: center; \"><span style=\"font-size: 44px;\"><b><a href=\"https:\/\/adr-register.com\/nl\" data-fusion-font=\"true\" style=\"font-size: 37px;\">Maak altijd gebruik van een gecertificeerde en geregistreerde Mediator.<\/a><\/b><\/span><\/p>\n<\/div><\/div><\/div><\/div><\/div><div class=\"fusion-fullwidth fullwidth-box fusion-builder-row-3 fusion-flex-container has-pattern-background has-mask-background nonhundred-percent-fullwidth non-hundred-percent-height-scrolling\" style=\"--awb-border-radius-top-left:0px;--awb-border-radius-top-right:0px;--awb-border-radius-bottom-right:0px;--awb-border-radius-bottom-left:0px;--awb-flex-wrap:wrap;\" ><div class=\"fusion-builder-row fusion-row fusion-flex-align-items-flex-start fusion-flex-content-wrap\" style=\"max-width:1248px;margin-left: calc(-4% \/ 2 );margin-right: calc(-4% \/ 2 );\"><div class=\"fusion-layout-column fusion_builder_column fusion-builder-column-4 fusion_builder_column_1_1 1_1 fusion-flex-column\" style=\"--awb-bg-size:cover;--awb-width-large:100%;--awb-margin-top-large:0px;--awb-spacing-right-large:1.92%;--awb-margin-bottom-large:20px;--awb-spacing-left-large:1.92%;--awb-width-medium:100%;--awb-order-medium:0;--awb-spacing-right-medium:1.92%;--awb-spacing-left-medium:1.92%;--awb-width-small:100%;--awb-order-small:0;--awb-spacing-right-small:1.92%;--awb-spacing-left-small:1.92%;\"><div class=\"fusion-column-wrapper fusion-column-has-shadow fusion-flex-justify-content-flex-start fusion-content-layout-column\"><div class=\"fusion-section-separator section-separator bigtriangle fusion-section-separator-1\" style=\"--awb-spacer-height:99px;--awb-svg-margin-left:1.92%;--awb-svg-margin-right:1.92%;--awb-svg-margin-left-medium:1.92%;--awb-svg-margin-right-medium:1.92%;--awb-svg-margin-left-small:1.92%;--awb-svg-margin-right-small:1.92%;--awb-divider-height:99px;--awb-spacer-padding-top:inherit;--awb-sep-padding:0;--awb-svg-padding:0;\"><div class=\"fusion-section-separator-svg\"><svg class=\"fusion-big-triangle-candy\" xmlns=\"http:\/\/www.w3.org\/2000\/svg\" version=\"1.1\" width=\"100%\" height=\"100\" viewBox=\"0 0 100 100\" preserveAspectRatio=\"none\" fill=\"rgba(209,209,209,1)\"><path d=\"M0 -1 L25 100 L101 -1 Z\"><\/path><\/svg><\/div><div class=\"fusion-section-separator-spacer\"><div class=\"fusion-section-separator-spacer-height\"><\/div><\/div><\/div><\/div><\/div><\/div><\/div><\/p>\n","protected":false},"excerpt":{"rendered":"","protected":false},"author":1,"featured_media":0,"parent":0,"menu_order":0,"comment_status":"closed","ping_status":"closed","template":"100-width.php","meta":{"footnotes":""},"class_list":["post-199","page","type-page","status-publish","hentry"],"_links":{"self":[{"href":"https:\/\/www.fabmediation.nl\/index.php?rest_route=\/wp\/v2\/pages\/199","targetHints":{"allow":["GET"]}}],"collection":[{"href":"https:\/\/www.fabmediation.nl\/index.php?rest_route=\/wp\/v2\/pages"}],"about":[{"href":"https:\/\/www.fabmediation.nl\/index.php?rest_route=\/wp\/v2\/types\/page"}],"author":[{"embeddable":true,"href":"https:\/\/www.fabmediation.nl\/index.php?rest_route=\/wp\/v2\/users\/1"}],"replies":[{"embeddable":true,"href":"https:\/\/www.fabmediation.nl\/index.php?rest_route=%2Fwp%2Fv2%2Fcomments&post=199"}],"version-history":[{"count":40,"href":"https:\/\/www.fabmediation.nl\/index.php?rest_route=\/wp\/v2\/pages\/199\/revisions"}],"predecessor-version":[{"id":1259,"href":"https:\/\/www.fabmediation.nl\/index.php?rest_route=\/wp\/v2\/pages\/199\/revisions\/1259"}],"wp:attachment":[{"href":"https:\/\/www.fabmediation.nl\/index.php?rest_route=%2Fwp%2Fv2%2Fmedia&parent=199"}],"curies":[{"name":"wp","href":"https:\/\/api.w.org\/{rel}","templated":true}]}}